{"id":9753,"date":"2024-11-22T16:03:22","date_gmt":"2024-11-22T15:03:22","guid":{"rendered":"https:\/\/ratafia.champagne-dumangin.fr\/politique-en-matiere-de-remboursements-et-de-retours\/"},"modified":"2024-12-24T00:37:06","modified_gmt":"2024-12-23T23:37:06","slug":"politique-en-matiere-de-remboursements-et-de-retours","status":"publish","type":"page","link":"https:\/\/ratafia.champagne-dumangin.fr\/en\/politique-en-matiere-de-remboursements-et-de-retours\/","title":{"rendered":"Politique en mati\u00e8re de remboursements et de retours"},"content":{"rendered":"\n<h2 class=\"wp-block-heading\" id=\"remboursements-et-retours\" style=\"text-transform:uppercase\">Remboursements et retours<\/h2>\n\n<p>Vous avez chang\u00e9 d\u2019avis apr\u00e8s r\u00e9ception de votre commande, les articles ne vous plaisent pas ou contiennent des d\u00e9fauts? Vous avez la possibilit\u00e9 de retourner une partie ou la totalit\u00e9 de votre commande dans un d\u00e9lai de 14 jours. Contactez-nous par t\u00e9l\u00e9phone au 03 26 03 46 34 afin d\u2019annuler la commande <em>(ou par mail \u00e0 info@champagne-dumangin.fr<\/em>).\u00a0 Si avez d\u00e9j\u00e0 \u00e9t\u00e9 livr\u00e9 de votre commande, vous devez, sans retard excessif et au plus tard sous 8 jours, nous renvoyer\u00a0 \u00e0 vos frais par la Poste, \u00e0 l\u2019adresse suivante : Champagne J. Dumangin Fils \u2013 3 rue de Rilly \u2013 51500 Chigny Les Roses -France,\u00a0 les produits que vous ne souhaitez pas conserver.<\/p>\n\n<h2 class=\"wp-block-heading\" id=\"conditions-de-retour\" style=\"text-transform:uppercase\">Conditions de retour<\/h2>\n\n<ul class=\"wp-block-list\">\n<li>Ecrire sur la facture ou une copie de la facture que vous souhaitez \u00eatre rembours\u00e9<\/li>\n\n\n\n<li>La r\u00e9ception de votre article date de moins de 14 jours<\/li>\n\n\n\n<li>Les articles retourn\u00e9s doivent \u00eatre en parfait \u00e9tat et ne pas avoir subi de d\u00e9t\u00e9rioration<\/li>\n\n\n\n<li>Le colis de retour contient la facture ou une copie de votre commande afin que nous puissions retrouver les r\u00e9f\u00e9rences de l\u2019article.<\/li>\n\n\n\n<li><strong>Retour en colissimo \/ La Poste<\/strong><\/li>\n<\/ul>\n\n<p>Les frais de port pour un retour sont \u00e0 la charge du client. Ils correspondent aux tarifs colissimo de La Poste en vigueur au moment du retour. En cas d\u2019erreur de notre part ou d\u00e9fauts sur les articles les frais de port et retour des articles seront \u00e0 la charge de Champagne Dumangin J. Fils. Le retour d\u2019un ou plusieurs articles doit \u00eatre effectu\u00e9 \u00e0 l\u2019adresse suivante : Champagne J. Dumangin Fils 3 rue de Rilly 51500 Chigny Les Roses \u2013 France Mail: info@champagne-dumangin.fr<\/p>\n\n<h2 class=\"wp-block-heading\" id=\"echange\" style=\"text-transform:uppercase\">Echange<\/h2>\n\n<p>Si vous souhaitez effectuer un \u00e9change vous pouvez nous contacter par mail afin de voir ensemble quel(s) article(s) sont concern\u00e9s et se mettre d\u2019accord pour un \u00e9ventuel compl\u00e9ment tarifaire qui peut s\u2019effectuer par virement ou ch\u00e8que.<\/p>\n\n<h2 class=\"wp-block-heading\" id=\"remboursement\" style=\"text-transform:uppercase\">Remboursement<\/h2>\n\n<p>Votre remboursement interviendra dans les 8 jours \u00e0 compter de la date de r\u00e9ception des articles. N\u00e9anmoins , si les conditions de retours sont respect\u00e9es, le d\u00e9lai g\u00e9n\u00e9ralement constat\u00e9 pour un remboursement par cr\u00e9dit sur le compte bancaire du client correspondant \u00e0 la carte utilis\u00e9e au moment du paiement est de 10 jours. Dans le cas o\u00f9 vous retournez la totalit\u00e9 des articles command\u00e9s, les frais de port associ\u00e9s \u00e0 votre commande vous seront rembours\u00e9s seulement si les articles pr\u00e9sentent un d\u00e9faut ou si une erreur de notre part est survenue. Pour tout autre cas, les frais de port associ\u00e9s \u00e0 votre commande restent \u00e0 votre charge Dans le cas o\u00f9 les conditions de retour ne seraient pas respect\u00e9s, nous vous contacterons rapidement afin de trouver une solution.<\/p>\n\n<h2 class=\"wp-block-heading\" id=\"besoin-d-aide\" style=\"text-transform:uppercase\">Besoin d\u2019aide ?<\/h2>\n\n<p>Contactez-nous au 03 26 03 46 34 ou par mail \u00e0 info@champagne-dumangin.fr pour toutes vos questions relatives aux remboursements et retours.<\/p>\n","protected":false},"excerpt":{"rendered":"<p>Remboursements et retours Vous avez chang\u00e9 d\u2019avis apr\u00e8s r\u00e9ception de votre commande, les articles ne vous plaisent pas ou contiennent des d\u00e9fauts? Vous avez la possibilit\u00e9 de retourner une partie ou la totalit\u00e9 de votre commande dans un d\u00e9lai de 14 jours. Contactez-nous par t\u00e9l\u00e9phone au 03 26 03 46 34 afin d\u2019annuler la commande [&hellip;]<\/p>\n","protected":false},"author":1,"featured_media":0,"parent":0,"menu_order":3,"comment_status":"closed","ping_status":"closed","template":"","meta":{"_acf_changed":false,"_gspb_post_css":"","inline_featured_image":false,"footnotes":""},"class_list":["post-9753","page","type-page","status-publish","hentry"],"blocksy_meta":[],"acf":[],"yoast_head":"<!-- This site is optimized with the Yoast SEO plugin v27.4 - https:\/\/yoast.com\/product\/yoast-seo-wordpress\/ -->\n<title>Politique en mati\u00e8re de remboursements et de retours - Champagne Dumangin J. Fils<\/title>\n<meta name=\"robots\" content=\"index, follow, max-snippet:-1, max-image-preview:large, max-video-preview:-1\" \/>\n<link rel=\"canonical\" href=\"https:\/\/ratafia.champagne-dumangin.fr\/en\/politique-en-matiere-de-remboursements-et-de-retours\/\" \/>\n<meta property=\"og:locale\" content=\"en_US\" \/>\n<meta property=\"og:type\" content=\"article\" \/>\n<meta property=\"og:title\" content=\"Politique en mati\u00e8re de remboursements et de retours - Champagne Dumangin J. Fils\" \/>\n<meta property=\"og:description\" content=\"Remboursements et retours Vous avez chang\u00e9 d\u2019avis apr\u00e8s r\u00e9ception de votre commande, les articles ne vous plaisent pas ou contiennent des d\u00e9fauts? Vous avez la possibilit\u00e9 de retourner une partie ou la totalit\u00e9 de votre commande dans un d\u00e9lai de 14 jours. Contactez-nous par t\u00e9l\u00e9phone au 03 26 03 46 34 afin d\u2019annuler la commande [&hellip;]\" \/>\n<meta property=\"og:url\" content=\"https:\/\/ratafia.champagne-dumangin.fr\/en\/politique-en-matiere-de-remboursements-et-de-retours\/\" \/>\n<meta property=\"og:site_name\" content=\"Champagne Dumangin J. Fils\" \/>\n<meta property=\"article:modified_time\" content=\"2024-12-23T23:37:06+00:00\" \/>\n<meta name=\"twitter:card\" content=\"summary_large_image\" \/>\n<meta name=\"twitter:label1\" content=\"Est. reading time\" \/>\n\t<meta name=\"twitter:data1\" content=\"3 minutes\" \/>\n<script type=\"application\/ld+json\" class=\"yoast-schema-graph\">{\"@context\":\"https:\\\/\\\/schema.org\",\"@graph\":[{\"@type\":\"WebPage\",\"@id\":\"https:\\\/\\\/ratafia.champagne-dumangin.fr\\\/en\\\/politique-en-matiere-de-remboursements-et-de-retours\\\/\",\"url\":\"https:\\\/\\\/ratafia.champagne-dumangin.fr\\\/en\\\/politique-en-matiere-de-remboursements-et-de-retours\\\/\",\"name\":\"Politique en mati\u00e8re de remboursements et de retours - Champagne Dumangin J. Fils\",\"isPartOf\":{\"@id\":\"https:\\\/\\\/ratafia.champagne-dumangin.fr\\\/en\\\/#website\"},\"datePublished\":\"2024-11-22T15:03:22+00:00\",\"dateModified\":\"2024-12-23T23:37:06+00:00\",\"breadcrumb\":{\"@id\":\"https:\\\/\\\/ratafia.champagne-dumangin.fr\\\/en\\\/politique-en-matiere-de-remboursements-et-de-retours\\\/#breadcrumb\"},\"inLanguage\":\"en-US\",\"potentialAction\":[{\"@type\":\"ReadAction\",\"target\":[\"https:\\\/\\\/ratafia.champagne-dumangin.fr\\\/en\\\/politique-en-matiere-de-remboursements-et-de-retours\\\/\"]}]},{\"@type\":\"BreadcrumbList\",\"@id\":\"https:\\\/\\\/ratafia.champagne-dumangin.fr\\\/en\\\/politique-en-matiere-de-remboursements-et-de-retours\\\/#breadcrumb\",\"itemListElement\":[{\"@type\":\"ListItem\",\"position\":1,\"name\":\"Home\",\"item\":\"https:\\\/\\\/ratafia.champagne-dumangin.fr\\\/en\\\/\"},{\"@type\":\"ListItem\",\"position\":2,\"name\":\"Politique en mati\u00e8re de remboursements et de retours\"}]},{\"@type\":\"WebSite\",\"@id\":\"https:\\\/\\\/ratafia.champagne-dumangin.fr\\\/en\\\/#website\",\"url\":\"https:\\\/\\\/ratafia.champagne-dumangin.fr\\\/en\\\/\",\"name\":\"Champagne Dumangin J. Fils\",\"description\":\"\",\"publisher\":{\"@id\":\"https:\\\/\\\/ratafia.champagne-dumangin.fr\\\/en\\\/#organization\"},\"potentialAction\":[{\"@type\":\"SearchAction\",\"target\":{\"@type\":\"EntryPoint\",\"urlTemplate\":\"https:\\\/\\\/ratafia.champagne-dumangin.fr\\\/en\\\/?s={search_term_string}\"},\"query-input\":{\"@type\":\"PropertyValueSpecification\",\"valueRequired\":true,\"valueName\":\"search_term_string\"}}],\"inLanguage\":\"en-US\"},{\"@type\":\"Organization\",\"@id\":\"https:\\\/\\\/ratafia.champagne-dumangin.fr\\\/en\\\/#organization\",\"name\":\"Champagne Dumangin J. Fils\",\"url\":\"https:\\\/\\\/ratafia.champagne-dumangin.fr\\\/en\\\/\",\"logo\":{\"@type\":\"ImageObject\",\"inLanguage\":\"en-US\",\"@id\":\"https:\\\/\\\/ratafia.champagne-dumangin.fr\\\/en\\\/#\\\/schema\\\/logo\\\/image\\\/\",\"url\":\"https:\\\/\\\/ratafia.champagne-dumangin.fr\\\/wp-content\\\/uploads\\\/2025\\\/09\\\/2025-logo-footer.png\",\"contentUrl\":\"https:\\\/\\\/ratafia.champagne-dumangin.fr\\\/wp-content\\\/uploads\\\/2025\\\/09\\\/2025-logo-footer.png\",\"width\":425,\"height\":321,\"caption\":\"Champagne Dumangin J. Fils\"},\"image\":{\"@id\":\"https:\\\/\\\/ratafia.champagne-dumangin.fr\\\/en\\\/#\\\/schema\\\/logo\\\/image\\\/\"}}]}<\/script>\n<!-- \/ Yoast SEO plugin. -->","yoast_head_json":{"title":"Politique en mati\u00e8re de remboursements et de retours - Champagne Dumangin J. Fils","robots":{"index":"index","follow":"follow","max-snippet":"max-snippet:-1","max-image-preview":"max-image-preview:large","max-video-preview":"max-video-preview:-1"},"canonical":"https:\/\/ratafia.champagne-dumangin.fr\/en\/politique-en-matiere-de-remboursements-et-de-retours\/","og_locale":"en_US","og_type":"article","og_title":"Politique en mati\u00e8re de remboursements et de retours - Champagne Dumangin J. Fils","og_description":"Remboursements et retours Vous avez chang\u00e9 d\u2019avis apr\u00e8s r\u00e9ception de votre commande, les articles ne vous plaisent pas ou contiennent des d\u00e9fauts? Vous avez la possibilit\u00e9 de retourner une partie ou la totalit\u00e9 de votre commande dans un d\u00e9lai de 14 jours. Contactez-nous par t\u00e9l\u00e9phone au 03 26 03 46 34 afin d\u2019annuler la commande [&hellip;]","og_url":"https:\/\/ratafia.champagne-dumangin.fr\/en\/politique-en-matiere-de-remboursements-et-de-retours\/","og_site_name":"Champagne Dumangin J. Fils","article_modified_time":"2024-12-23T23:37:06+00:00","twitter_card":"summary_large_image","twitter_misc":{"Est. reading time":"3 minutes"},"schema":{"@context":"https:\/\/schema.org","@graph":[{"@type":"WebPage","@id":"https:\/\/ratafia.champagne-dumangin.fr\/en\/politique-en-matiere-de-remboursements-et-de-retours\/","url":"https:\/\/ratafia.champagne-dumangin.fr\/en\/politique-en-matiere-de-remboursements-et-de-retours\/","name":"Politique en mati\u00e8re de remboursements et de retours - Champagne Dumangin J. Fils","isPartOf":{"@id":"https:\/\/ratafia.champagne-dumangin.fr\/en\/#website"},"datePublished":"2024-11-22T15:03:22+00:00","dateModified":"2024-12-23T23:37:06+00:00","breadcrumb":{"@id":"https:\/\/ratafia.champagne-dumangin.fr\/en\/politique-en-matiere-de-remboursements-et-de-retours\/#breadcrumb"},"inLanguage":"en-US","potentialAction":[{"@type":"ReadAction","target":["https:\/\/ratafia.champagne-dumangin.fr\/en\/politique-en-matiere-de-remboursements-et-de-retours\/"]}]},{"@type":"BreadcrumbList","@id":"https:\/\/ratafia.champagne-dumangin.fr\/en\/politique-en-matiere-de-remboursements-et-de-retours\/#breadcrumb","itemListElement":[{"@type":"ListItem","position":1,"name":"Home","item":"https:\/\/ratafia.champagne-dumangin.fr\/en\/"},{"@type":"ListItem","position":2,"name":"Politique en mati\u00e8re de remboursements et de retours"}]},{"@type":"WebSite","@id":"https:\/\/ratafia.champagne-dumangin.fr\/en\/#website","url":"https:\/\/ratafia.champagne-dumangin.fr\/en\/","name":"Champagne Dumangin J. Fils","description":"","publisher":{"@id":"https:\/\/ratafia.champagne-dumangin.fr\/en\/#organization"},"potentialAction":[{"@type":"SearchAction","target":{"@type":"EntryPoint","urlTemplate":"https:\/\/ratafia.champagne-dumangin.fr\/en\/?s={search_term_string}"},"query-input":{"@type":"PropertyValueSpecification","valueRequired":true,"valueName":"search_term_string"}}],"inLanguage":"en-US"},{"@type":"Organization","@id":"https:\/\/ratafia.champagne-dumangin.fr\/en\/#organization","name":"Champagne Dumangin J. Fils","url":"https:\/\/ratafia.champagne-dumangin.fr\/en\/","logo":{"@type":"ImageObject","inLanguage":"en-US","@id":"https:\/\/ratafia.champagne-dumangin.fr\/en\/#\/schema\/logo\/image\/","url":"https:\/\/ratafia.champagne-dumangin.fr\/wp-content\/uploads\/2025\/09\/2025-logo-footer.png","contentUrl":"https:\/\/ratafia.champagne-dumangin.fr\/wp-content\/uploads\/2025\/09\/2025-logo-footer.png","width":425,"height":321,"caption":"Champagne Dumangin J. Fils"},"image":{"@id":"https:\/\/ratafia.champagne-dumangin.fr\/en\/#\/schema\/logo\/image\/"}}]}},"_links":{"self":[{"href":"https:\/\/ratafia.champagne-dumangin.fr\/en\/wp-json\/wp\/v2\/pages\/9753","targetHints":{"allow":["GET"]}}],"collection":[{"href":"https:\/\/ratafia.champagne-dumangin.fr\/en\/wp-json\/wp\/v2\/pages"}],"about":[{"href":"https:\/\/ratafia.champagne-dumangin.fr\/en\/wp-json\/wp\/v2\/types\/page"}],"author":[{"embeddable":true,"href":"https:\/\/ratafia.champagne-dumangin.fr\/en\/wp-json\/wp\/v2\/users\/1"}],"replies":[{"embeddable":true,"href":"https:\/\/ratafia.champagne-dumangin.fr\/en\/wp-json\/wp\/v2\/comments?post=9753"}],"version-history":[{"count":2,"href":"https:\/\/ratafia.champagne-dumangin.fr\/en\/wp-json\/wp\/v2\/pages\/9753\/revisions"}],"predecessor-version":[{"id":9955,"href":"https:\/\/ratafia.champagne-dumangin.fr\/en\/wp-json\/wp\/v2\/pages\/9753\/revisions\/9955"}],"wp:attachment":[{"href":"https:\/\/ratafia.champagne-dumangin.fr\/en\/wp-json\/wp\/v2\/media?parent=9753"}],"curies":[{"name":"wp","href":"https:\/\/api.w.org\/{rel}","templated":true}]}}